{"id":632,"date":"2025-01-20T09:05:30","date_gmt":"2025-01-20T09:05:30","guid":{"rendered":"https:\/\/www.roadtech.no\/?page_id=632"},"modified":"2025-01-20T09:10:36","modified_gmt":"2025-01-20T09:10:36","slug":"about-us","status":"publish","type":"page","link":"https:\/\/amt.no\/en\/about-us\/","title":{"rendered":"About us"},"content":{"rendered":"\n<h2 class=\"wp-block-heading\">Welcome to RoadTech AS<\/h2>\n\n\n\n<p>RoadTech AS (formerly Str\u00f8msv\u00e5g Engineering) was founded in 2016 and is located at Beiter\u00e5sen in Tingvoll municipality. In cooperation with the Norwegian Public Roads Administration and road operators, we have developed a new technology for more sustainable handling of snow poles. The company currently has two full-time employees in addition to excellent external partners and is growing rapidly.<\/p>\n\n\n\n<p>RoadTech AS aims to provide all road users and society with safer, environmentally friendly, saving and more efficient transport. We will become an important technology partner for actors and suppliers in road and transport.<\/p>\n\n\n\n<p>We receive support from&nbsp;<a href=\"https:\/\/www.innovasjonnorge.no\/\" target=\"_blank\" rel=\"noreferrer noopener\">Innovasjon Norge<\/a>&nbsp;Innovation Norway and the Accelerator Program&nbsp;<a href=\"https:\/\/www.zurf.no\/\" target=\"_blank\" rel=\"noreferrer noopener\">Zurf<\/a>&nbsp;for our programs. RoadTech AS is the incubator company in the incubator program of&nbsp;<a href=\"https:\/\/vindel.no\/\" target=\"_blank\" rel=\"noreferrer noopener\">Vindel AS<\/a>, which is a partner of SIVA.<\/p>\n\n\n\n<p>In 2019, RoadTech AS won Sparebanken M\u00f8re\u2019s entrepreneurial competition N\u00c6RINGSTEFT.&nbsp;<\/p>\n","protected":false},"excerpt":{"rendered":"<p>Welcome to RoadTech AS RoadTech AS (formerly Str\u00f8msv\u00e5g Engineering) was founded in 2016 and is located at Beiter\u00e5sen in Tingvoll municipality. In cooperation with the Norwegian Public Roads Administration and road operators, we have developed a new technology for more sustainable handling of snow poles. The company currently has two full-time employees in addition to [&hellip;]<\/p>\n","protected":false},"author":1,"featured_media":0,"parent":0,"menu_order":0,"comment_status":"closed","ping_status":"closed","template":"","meta":{"footnotes":""},"class_list":["post-632","page","type-page","status-publish","hentry"],"yoast_head":"<!-- This site is optimized with the Yoast SEO plugin v27.5 - https:\/\/yoast.com\/product\/yoast-seo-wordpress\/ -->\n<title>About us - RoadTech<\/title>\n<meta name=\"robots\" content=\"index, follow, max-snippet:-1, max-image-preview:large, max-video-preview:-1\" \/>\n<link rel=\"canonical\" href=\"https:\/\/amt.no\/about-us\/\" \/>\n<meta property=\"og:locale\" content=\"en_US\" \/>\n<meta property=\"og:type\" content=\"article\" \/>\n<meta property=\"og:title\" content=\"About us - RoadTech\" \/>\n<meta property=\"og:description\" content=\"Welcome to RoadTech AS RoadTech AS (formerly Str\u00f8msv\u00e5g Engineering) was founded in 2016 and is located at Beiter\u00e5sen in Tingvoll municipality. In cooperation with the Norwegian Public Roads Administration and road operators, we have developed a new technology for more sustainable handling of snow poles. The company currently has two full-time employees in addition to [&hellip;]\" \/>\n<meta property=\"og:url\" content=\"https:\/\/amt.no\/about-us\/\" \/>\n<meta property=\"og:site_name\" content=\"RoadTech\" \/>\n<meta property=\"article:publisher\" content=\"https:\/\/www.facebook.com\/RoadTechAS\" \/>\n<meta property=\"article:modified_time\" content=\"2025-01-20T09:10:36+00:00\" \/>\n<meta name=\"twitter:card\" content=\"summary_large_image\" \/>\n<meta name=\"twitter:label1\" content=\"Est. reading time\" \/>\n\t<meta name=\"twitter:data1\" content=\"1 minute\" \/>\n<script type=\"application\/ld+json\" class=\"yoast-schema-graph\">{\"@context\":\"https:\\\/\\\/schema.org\",\"@graph\":[{\"@type\":\"WebPage\",\"@id\":\"https:\\\/\\\/amt.no\\\/about-us\\\/\",\"url\":\"https:\\\/\\\/amt.no\\\/about-us\\\/\",\"name\":\"About us - RoadTech\",\"isPartOf\":{\"@id\":\"https:\\\/\\\/amt.no\\\/#website\"},\"datePublished\":\"2025-01-20T09:05:30+00:00\",\"dateModified\":\"2025-01-20T09:10:36+00:00\",\"breadcrumb\":{\"@id\":\"https:\\\/\\\/amt.no\\\/about-us\\\/#breadcrumb\"},\"inLanguage\":\"en-US\",\"potentialAction\":[{\"@type\":\"ReadAction\",\"target\":[\"https:\\\/\\\/amt.no\\\/about-us\\\/\"]}]},{\"@type\":\"BreadcrumbList\",\"@id\":\"https:\\\/\\\/amt.no\\\/about-us\\\/#breadcrumb\",\"itemListElement\":[{\"@type\":\"ListItem\",\"position\":1,\"name\":\"Home\",\"item\":\"https:\\\/\\\/amt.no\\\/\"},{\"@type\":\"ListItem\",\"position\":2,\"name\":\"About us\"}]},{\"@type\":\"WebSite\",\"@id\":\"https:\\\/\\\/amt.no\\\/#website\",\"url\":\"https:\\\/\\\/amt.no\\\/\",\"name\":\"RoadTech\",\"description\":\"En gr\u00f8nn revolusjon p\u00e5 vei\",\"publisher\":{\"@id\":\"https:\\\/\\\/amt.no\\\/#organization\"},\"potentialAction\":[{\"@type\":\"SearchAction\",\"target\":{\"@type\":\"EntryPoint\",\"urlTemplate\":\"https:\\\/\\\/amt.no\\\/?s={search_term_string}\"},\"query-input\":{\"@type\":\"PropertyValueSpecification\",\"valueRequired\":true,\"valueName\":\"search_term_string\"}}],\"inLanguage\":\"en-US\"},{\"@type\":\"Organization\",\"@id\":\"https:\\\/\\\/amt.no\\\/#organization\",\"name\":\"RoadTech AS\",\"url\":\"https:\\\/\\\/amt.no\\\/\",\"logo\":{\"@type\":\"ImageObject\",\"inLanguage\":\"en-US\",\"@id\":\"https:\\\/\\\/amt.no\\\/#\\\/schema\\\/logo\\\/image\\\/\",\"url\":\"https:\\\/\\\/amt.no\\\/wp-content\\\/uploads\\\/2023\\\/10\\\/roadtech-logo.png\",\"contentUrl\":\"https:\\\/\\\/amt.no\\\/wp-content\\\/uploads\\\/2023\\\/10\\\/roadtech-logo.png\",\"width\":386,\"height\":131,\"caption\":\"RoadTech AS\"},\"image\":{\"@id\":\"https:\\\/\\\/amt.no\\\/#\\\/schema\\\/logo\\\/image\\\/\"},\"sameAs\":[\"https:\\\/\\\/www.facebook.com\\\/RoadTechAS\"]}]}<\/script>\n<!-- \/ Yoast SEO plugin. -->","yoast_head_json":{"title":"About us - RoadTech","robots":{"index":"index","follow":"follow","max-snippet":"max-snippet:-1","max-image-preview":"max-image-preview:large","max-video-preview":"max-video-preview:-1"},"canonical":"https:\/\/amt.no\/about-us\/","og_locale":"en_US","og_type":"article","og_title":"About us - RoadTech","og_description":"Welcome to RoadTech AS RoadTech AS (formerly Str\u00f8msv\u00e5g Engineering) was founded in 2016 and is located at Beiter\u00e5sen in Tingvoll municipality. In cooperation with the Norwegian Public Roads Administration and road operators, we have developed a new technology for more sustainable handling of snow poles. The company currently has two full-time employees in addition to [&hellip;]","og_url":"https:\/\/amt.no\/about-us\/","og_site_name":"RoadTech","article_publisher":"https:\/\/www.facebook.com\/RoadTechAS","article_modified_time":"2025-01-20T09:10:36+00:00","twitter_card":"summary_large_image","twitter_misc":{"Est. reading time":"1 minute"},"schema":{"@context":"https:\/\/schema.org","@graph":[{"@type":"WebPage","@id":"https:\/\/amt.no\/about-us\/","url":"https:\/\/amt.no\/about-us\/","name":"About us - RoadTech","isPartOf":{"@id":"https:\/\/amt.no\/#website"},"datePublished":"2025-01-20T09:05:30+00:00","dateModified":"2025-01-20T09:10:36+00:00","breadcrumb":{"@id":"https:\/\/amt.no\/about-us\/#breadcrumb"},"inLanguage":"en-US","potentialAction":[{"@type":"ReadAction","target":["https:\/\/amt.no\/about-us\/"]}]},{"@type":"BreadcrumbList","@id":"https:\/\/amt.no\/about-us\/#breadcrumb","itemListElement":[{"@type":"ListItem","position":1,"name":"Home","item":"https:\/\/amt.no\/"},{"@type":"ListItem","position":2,"name":"About us"}]},{"@type":"WebSite","@id":"https:\/\/amt.no\/#website","url":"https:\/\/amt.no\/","name":"RoadTech","description":"En gr\u00f8nn revolusjon p\u00e5 vei","publisher":{"@id":"https:\/\/amt.no\/#organization"},"potentialAction":[{"@type":"SearchAction","target":{"@type":"EntryPoint","urlTemplate":"https:\/\/amt.no\/?s={search_term_string}"},"query-input":{"@type":"PropertyValueSpecification","valueRequired":true,"valueName":"search_term_string"}}],"inLanguage":"en-US"},{"@type":"Organization","@id":"https:\/\/amt.no\/#organization","name":"RoadTech AS","url":"https:\/\/amt.no\/","logo":{"@type":"ImageObject","inLanguage":"en-US","@id":"https:\/\/amt.no\/#\/schema\/logo\/image\/","url":"https:\/\/amt.no\/wp-content\/uploads\/2023\/10\/roadtech-logo.png","contentUrl":"https:\/\/amt.no\/wp-content\/uploads\/2023\/10\/roadtech-logo.png","width":386,"height":131,"caption":"RoadTech AS"},"image":{"@id":"https:\/\/amt.no\/#\/schema\/logo\/image\/"},"sameAs":["https:\/\/www.facebook.com\/RoadTechAS"]}]}},"_links":{"self":[{"href":"https:\/\/amt.no\/en\/wp-json\/wp\/v2\/pages\/632","targetHints":{"allow":["GET"]}}],"collection":[{"href":"https:\/\/amt.no\/en\/wp-json\/wp\/v2\/pages"}],"about":[{"href":"https:\/\/amt.no\/en\/wp-json\/wp\/v2\/types\/page"}],"author":[{"embeddable":true,"href":"https:\/\/amt.no\/en\/wp-json\/wp\/v2\/users\/1"}],"replies":[{"embeddable":true,"href":"https:\/\/amt.no\/en\/wp-json\/wp\/v2\/comments?post=632"}],"version-history":[{"count":3,"href":"https:\/\/amt.no\/en\/wp-json\/wp\/v2\/pages\/632\/revisions"}],"predecessor-version":[{"id":638,"href":"https:\/\/amt.no\/en\/wp-json\/wp\/v2\/pages\/632\/revisions\/638"}],"wp:attachment":[{"href":"https:\/\/amt.no\/en\/wp-json\/wp\/v2\/media?parent=632"}],"curies":[{"name":"wp","href":"https:\/\/api.w.org\/{rel}","templated":true}]}}